{"id":943,"date":"2018-02-05T13:24:18","date_gmt":"2018-02-05T11:24:18","guid":{"rendered":"https:\/\/montsant360.cat\/?page_id=943"},"modified":"2019-10-29T21:28:16","modified_gmt":"2019-10-29T19:28:16","slug":"territory","status":"publish","type":"page","link":"https:\/\/montsant360.cat\/en\/territory\/","title":{"rendered":"TERRITORY"},"content":{"rendered":"<p>[et_pb_section fb_built=&#8221;1&#8243; fullwidth=&#8221;on&#8221; _builder_version=&#8221;3.22&#8243;][et_pb_fullwidth_image src=&#8221;https:\/\/montsant360.cat\/wp-content\/uploads\/2019\/07\/portada-360-4-1.jpg&#8221; _builder_version=&#8221;3.25.3&#8243; z_index_tablet=&#8221;500&#8243; box_shadow_horizontal_tablet=&#8221;0px&#8221; box_shadow_vertical_tablet=&#8221;0px&#8221; box_shadow_blur_tablet=&#8221;40px&#8221; box_shadow_spread_tablet=&#8221;0px&#8221;][\/et_pb_fullwidth_image][\/et_pb_section][et_pb_section fb_built=&#8221;1&#8243; _builder_version=&#8221;3.22&#8243; background_color=&#8221;rgba(255,255,255,0)&#8221; custom_padding=&#8221;0px|0px|54px|0px&#8221; transparent_background=&#8221;on&#8221;][et_pb_row use_custom_gutter=&#8221;on&#8221; gutter_width=&#8221;4&#8243; module_class=&#8221; et_pb_row_fullwidth et_pb_row_fullwidth&#8221; _builder_version=&#8221;3.25&#8243; background_size=&#8221;initial&#8221; background_position=&#8221;top_left&#8221; background_repeat=&#8221;repeat&#8221; width=&#8221;86%&#8221; width_tablet=&#8221;80%&#8221; width_phone=&#8221;&#8221; width_last_edited=&#8221;on|desktop&#8221; max_width=&#8221;86%&#8221; max_width_tablet=&#8221;80%&#8221; max_width_phone=&#8221;&#8221; max_width_last_edited=&#8221;on|desktop&#8221; make_fullwidth=&#8221;on&#8221; column_structure=&#8221;1_2,1_2&#8243;][et_pb_column type=&#8221;1_2&#8243; _builder_version=&#8221;3.0.47&#8243; custom_padding=&#8221;|||&#8221; custom_padding__hover=&#8221;|||&#8221;][et_pb_text _builder_version=&#8221;4.0.2&#8243; hover_enabled=&#8221;0&#8243; admin_label=&#8221;Text&#8221;]<\/p>\n<p>The counties of southern Catalonia; The Baix Pened\u00e8s, the Tarragon\u00e8s, the Baix Camp, the Conca de Barber\u00e0, the Priorat and the Alt Camp form a demarcation with a great and scenic landscape. A territory that has both Mediterranean coastline and some important peaks. This area is known as the Costa Dorada and it\u2019s lands have been influenced by the presence of humans for centuries, Today, we can still enjoy this rich history.<\/p>\n<p>From the Costa Daurada, we access one of the regions best known for its wines and it\u2019s legends. A region with striking landscapes that leave everyone who walks in wonder. Priorat is located in the Catalan Prelitoral Mountain Range, it is a mountainous area and in the world of hiking is known for its rugged relief, thanks to the Serra del Montsant, the Prades mountains that surround it, the Serra de l&#8217;Argentera mountain range, Jover and Llaberia.<\/p>\n<p>The Montsant range is located in the northern part of the Priorat, a wine-producing region and well situated, between vineyards and olive groves, it is part of the Prelitoral range and occupies an area of about 135 km2.<\/p>\n<p>Thanks to its orography, marked by the vertical cliffs of limestone, it is an easy mountain to remember and at the same time it is a magnet for hikers who want to discover new places and adventures.<\/p>\n<p>This area is not only impressive due to its mountainous terrain, but also has a wealth of flora and fauna that makes it a truly unique area. It has a number of endemic species, only found in the mountains of southern Catalonia that have a great scientific value and for this reason, proposals have been created for the protection of this natural space.<\/p>\n<p>[\/et_pb_text][\/et_pb_column][et_pb_column type=&#8221;1_2&#8243; _builder_version=&#8221;3.0.47&#8243; custom_padding=&#8221;|||&#8221; custom_padding__hover=&#8221;|||&#8221;][et_pb_image src=&#8221;https:\/\/montsant360.cat\/wp-content\/uploads\/2019\/07\/360-web-5-1.jpg&#8221; align_tablet=&#8221;center&#8221; align_phone=&#8221;&#8221; align_last_edited=&#8221;on|desktop&#8221; _builder_version=&#8221;3.25.3&#8243; z_index_tablet=&#8221;500&#8243; box_shadow_horizontal_tablet=&#8221;0px&#8221; box_shadow_vertical_tablet=&#8221;0px&#8221; box_shadow_blur_tablet=&#8221;40px&#8221; box_shadow_spread_tablet=&#8221;0px&#8221;][\/et_pb_image][et_pb_image src=&#8221;https:\/\/montsant360.cat\/wp-content\/uploads\/2019\/07\/web6-1.jpg&#8221; align_tablet=&#8221;center&#8221; align_phone=&#8221;&#8221; align_last_edited=&#8221;on|desktop&#8221; _builder_version=&#8221;3.25.3&#8243; z_index_tablet=&#8221;500&#8243; box_shadow_horizontal_tablet=&#8221;0px&#8221; box_shadow_vertical_tablet=&#8221;0px&#8221; box_shadow_blur_tablet=&#8221;40px&#8221; box_shadow_spread_tablet=&#8221;0px&#8221;][\/et_pb_image][\/et_pb_column][\/et_pb_row][\/et_pb_section][et_pb_section fb_built=&#8221;1&#8243; _builder_version=&#8221;3.22&#8243;][et_pb_row _builder_version=&#8221;3.25&#8243; background_size=&#8221;initial&#8221; background_position=&#8221;top_left&#8221; background_repeat=&#8221;repeat&#8221;][\/et_pb_row][\/et_pb_section]<\/p>\n<span class=\"et_bloom_bottom_trigger\"><\/span>","protected":false},"excerpt":{"rendered":"<p>The counties of southern Catalonia; The Baix Pened\u00e8s, the Tarragon\u00e8s, the Baix Camp, the Conca de Barber\u00e0, the Priorat and the Alt Camp form a demarcation with a great and scenic landscape. A territory that has both Mediterranean coastline and some important peaks. This area is known as the Costa Dorada and it\u2019s lands have [&hellip;]<\/p>\n","protected":false},"author":4,"featured_media":0,"parent":0,"menu_order":0,"comment_status":"closed","ping_status":"closed","template":"","meta":{"_et_pb_use_builder":"on","_et_pb_old_content":"","_et_gb_content_width":"","footnotes":""},"class_list":["post-943","page","type-page","status-publish","hentry"],"_links":{"self":[{"href":"https:\/\/montsant360.cat\/en\/wp-json\/wp\/v2\/pages\/943","targetHints":{"allow":["GET"]}}],"collection":[{"href":"https:\/\/montsant360.cat\/en\/wp-json\/wp\/v2\/pages"}],"about":[{"href":"https:\/\/montsant360.cat\/en\/wp-json\/wp\/v2\/types\/page"}],"author":[{"embeddable":true,"href":"https:\/\/montsant360.cat\/en\/wp-json\/wp\/v2\/users\/4"}],"replies":[{"embeddable":true,"href":"https:\/\/montsant360.cat\/en\/wp-json\/wp\/v2\/comments?post=943"}],"version-history":[{"count":0,"href":"https:\/\/montsant360.cat\/en\/wp-json\/wp\/v2\/pages\/943\/revisions"}],"wp:attachment":[{"href":"https:\/\/montsant360.cat\/en\/wp-json\/wp\/v2\/media?parent=943"}],"curies":[{"name":"wp","href":"https:\/\/api.w.org\/{rel}","templated":true}]}}