{"id":135,"date":"2015-12-20T12:44:35","date_gmt":"2015-12-20T10:44:35","guid":{"rendered":"https:\/\/montsant360.cat\/?page_id=135"},"modified":"2019-10-17T18:48:59","modified_gmt":"2019-10-17T16:48:59","slug":"territorio","status":"publish","type":"page","link":"https:\/\/montsant360.cat\/es\/territorio\/","title":{"rendered":"TERRITORIO"},"content":{"rendered":"<p>[et_pb_section bb_built=\u00bb1&#8243; fullwidth=\u00bbon\u00bb _builder_version=\u00bb3.24&#8243; next_background_color=\u00bbrgba(255,255,255,0)\u00bb inner_width_tablet=\u00bb50px\u00bb inner_max_width_tablet=\u00bb100px\u00bb inner_max_width_phone=\u00bb50px\u00bb background_image=\u00bbhttps:\/\/montsant360.cat\/wp-content\/uploads\/2019\/06\/portada-360-4.jpg\u00bb box_shadow_horizontal_tablet=\u00bb0px\u00bb box_shadow_vertical_tablet=\u00bb0px\u00bb box_shadow_blur_tablet=\u00bb40px\u00bb box_shadow_spread_tablet=\u00bb0px\u00bb z_index_tablet=\u00bb500&#8243;][et_pb_fullwidth_image _builder_version=\u00bb3.24&#8243; src=\u00bbhttps:\/\/montsant360.cat\/wp-content\/uploads\/2019\/06\/portada-360-4.jpg\u00bb box_shadow_horizontal_tablet=\u00bb0px\u00bb box_shadow_vertical_tablet=\u00bb0px\u00bb box_shadow_blur_tablet=\u00bb40px\u00bb box_shadow_spread_tablet=\u00bb0px\u00bb z_index_tablet=\u00bb500&#8243; \/][\/et_pb_section][et_pb_section bb_built=\u00bb1&#8243; transparent_background=\u00bbon\u00bb custom_padding=\u00bb0px|0px|54px|0px\u00bb _builder_version=\u00bb3.0.72&#8243; background_color=\u00bbrgba(255,255,255,0)\u00bb inner_width=\u00bbauto\u00bb inner_max_width=\u00bb1080px\u00bb prev_background_color=\u00bb#ffffff\u00bb][et_pb_row make_fullwidth=\u00bbon\u00bb use_custom_gutter=\u00bbon\u00bb gutter_width=\u00bb4&#8243; _builder_version=\u00bb3.0.72&#8243; background_size=\u00bbinitial\u00bb background_position=\u00bbtop_left\u00bb background_repeat=\u00bbrepeat\u00bb module_class=\u00bb et_pb_row_fullwidth et_pb_row_fullwidth et_pb_row_fullwidth et_pb_row_fullwidth\u00bb width=\u00bb86%\u00bb width_tablet=\u00bb80%\u00bb width_last_edited=\u00bbon|desktop\u00bb max_width=\u00bb86%\u00bb max_width_tablet=\u00bb80%\u00bb max_width_last_edited=\u00bbon|desktop\u00bb][et_pb_column type=\u00bb1_2&#8243; custom_padding__hover=\u00bb|||\u00bb custom_padding=\u00bb|||\u00bb][et_pb_text _builder_version=\u00bb3.25.3&#8243; module_alignment=\u00bbleft\u00bb text_text_shadow_horizontal_length=\u00bbtext_text_shadow_style,%91object Object%93&#8243; text_text_shadow_horizontal_length_tablet=\u00bb0px\u00bb text_text_shadow_vertical_length=\u00bbtext_text_shadow_style,%91object Object%93&#8243; text_text_shadow_vertical_length_tablet=\u00bb0px\u00bb text_text_shadow_blur_strength=\u00bbtext_text_shadow_style,%91object Object%93&#8243; text_text_shadow_blur_strength_tablet=\u00bb1px\u00bb link_text_shadow_horizontal_length=\u00bblink_text_shadow_style,%91object Object%93&#8243; link_text_shadow_horizontal_length_tablet=\u00bb0px\u00bb link_text_shadow_vertical_length=\u00bblink_text_shadow_style,%91object Object%93&#8243; link_text_shadow_vertical_length_tablet=\u00bb0px\u00bb link_text_shadow_blur_strength=\u00bblink_text_shadow_style,%91object Object%93&#8243; link_text_shadow_blur_strength_tablet=\u00bb1px\u00bb ul_text_shadow_horizontal_length=\u00bbul_text_shadow_style,%91object Object%93&#8243; ul_text_shadow_horizontal_length_tablet=\u00bb0px\u00bb ul_text_shadow_vertical_length=\u00bbul_text_shadow_style,%91object Object%93&#8243; ul_text_shadow_vertical_length_tablet=\u00bb0px\u00bb ul_text_shadow_blur_strength=\u00bbul_text_shadow_style,%91object Object%93&#8243; ul_text_shadow_blur_strength_tablet=\u00bb1px\u00bb ol_text_shadow_horizontal_length=\u00bbol_text_shadow_style,%91object Object%93&#8243; ol_text_shadow_horizontal_length_tablet=\u00bb0px\u00bb ol_text_shadow_vertical_length=\u00bbol_text_shadow_style,%91object Object%93&#8243; ol_text_shadow_vertical_length_tablet=\u00bb0px\u00bb ol_text_shadow_blur_strength=\u00bbol_text_shadow_style,%91object Object%93&#8243; ol_text_shadow_blur_strength_tablet=\u00bb1px\u00bb quote_text_shadow_horizontal_length=\u00bbquote_text_shadow_style,%91object Object%93&#8243; quote_text_shadow_horizontal_length_tablet=\u00bb0px\u00bb quote_text_shadow_vertical_length=\u00bbquote_text_shadow_style,%91object Object%93&#8243; quote_text_shadow_vertical_length_tablet=\u00bb0px\u00bb quote_text_shadow_blur_strength=\u00bbquote_text_shadow_style,%91object Object%93&#8243; quote_text_shadow_blur_strength_tablet=\u00bb1px\u00bb header_text_shadow_horizontal_length=\u00bbheader_text_shadow_style,%91object Object%93&#8243; header_text_shadow_horizontal_length_tablet=\u00bb0px\u00bb header_text_shadow_vertical_length=\u00bbheader_text_shadow_style,%91object Object%93&#8243; header_text_shadow_vertical_length_tablet=\u00bb0px\u00bb header_text_shadow_blur_strength=\u00bbheader_text_shadow_style,%91object Object%93&#8243; header_text_shadow_blur_strength_tablet=\u00bb1px\u00bb header_2_text_shadow_horizontal_length=\u00bbheader_2_text_shadow_style,%91object Object%93&#8243; header_2_text_shadow_horizontal_length_tablet=\u00bb0px\u00bb header_2_text_shadow_vertical_length=\u00bbheader_2_text_shadow_style,%91object Object%93&#8243; header_2_text_shadow_vertical_length_tablet=\u00bb0px\u00bb header_2_text_shadow_blur_strength=\u00bbheader_2_text_shadow_style,%91object Object%93&#8243; header_2_text_shadow_blur_strength_tablet=\u00bb1px\u00bb header_3_text_shadow_horizontal_length=\u00bbheader_3_text_shadow_style,%91object Object%93&#8243; header_3_text_shadow_horizontal_length_tablet=\u00bb0px\u00bb header_3_text_shadow_vertical_length=\u00bbheader_3_text_shadow_style,%91object Object%93&#8243; header_3_text_shadow_vertical_length_tablet=\u00bb0px\u00bb header_3_text_shadow_blur_strength=\u00bbheader_3_text_shadow_style,%91object Object%93&#8243; header_3_text_shadow_blur_strength_tablet=\u00bb1px\u00bb header_4_text_shadow_horizontal_length=\u00bbheader_4_text_shadow_style,%91object Object%93&#8243; header_4_text_shadow_horizontal_length_tablet=\u00bb0px\u00bb header_4_text_shadow_vertical_length=\u00bbheader_4_text_shadow_style,%91object Object%93&#8243; header_4_text_shadow_vertical_length_tablet=\u00bb0px\u00bb header_4_text_shadow_blur_strength=\u00bbheader_4_text_shadow_style,%91object Object%93&#8243; header_4_text_shadow_blur_strength_tablet=\u00bb1px\u00bb header_5_text_shadow_horizontal_length=\u00bbheader_5_text_shadow_style,%91object Object%93&#8243; header_5_text_shadow_horizontal_length_tablet=\u00bb0px\u00bb header_5_text_shadow_vertical_length=\u00bbheader_5_text_shadow_style,%91object Object%93&#8243; header_5_text_shadow_vertical_length_tablet=\u00bb0px\u00bb header_5_text_shadow_blur_strength=\u00bbheader_5_text_shadow_style,%91object Object%93&#8243; header_5_text_shadow_blur_strength_tablet=\u00bb1px\u00bb header_6_text_shadow_horizontal_length=\u00bbheader_6_text_shadow_style,%91object Object%93&#8243; header_6_text_shadow_horizontal_length_tablet=\u00bb0px\u00bb header_6_text_shadow_vertical_length=\u00bbheader_6_text_shadow_style,%91object Object%93&#8243; header_6_text_shadow_vertical_length_tablet=\u00bb0px\u00bb header_6_text_shadow_blur_strength=\u00bbheader_6_text_shadow_style,%91object Object%93&#8243; header_6_text_shadow_blur_strength_tablet=\u00bb1px\u00bb box_shadow_horizontal_tablet=\u00bb0px\u00bb box_shadow_vertical_tablet=\u00bb0px\u00bb box_shadow_blur_tablet=\u00bb40px\u00bb box_shadow_spread_tablet=\u00bb0px\u00bb z_index_tablet=\u00bb500&#8243; text_text_color=\u00bb#000000&#8243;]<\/p>\n<p>Las comarcas del sur de Catalu\u00f1a; el Baix Pened\u00e8s, Tarragon\u00e8s, Baix Camp, Conca de Barber\u00e0, Priorat y del Alt Camp, forman una demarcaci\u00f3n con una gran belleza paisaj\u00edstica. Un territorio que consta tanto de costa mediterr\u00e1nea como algunos picos importantes. Esta zona es conocida como Costa Dorada y han sido tierras influenciadas por la presencia humana desde hace siglos, hoy en d\u00eda, todav\u00eda podemos disfrutar de esta riqueza hist\u00f3rica.<\/p>\n<p>Desde la Costa Dorada, accedemos a una de las mejores comarcas conocidas por sus vinos y sus leyendas. Una comarca con paisajes impactantes que dejan maravillado a cualquiera que se pasea. El Priorat se ubica en la Cordillera Prelitoral Catalana, es una zona monta\u00f1osa y el mundo del senderismo lo conoce por su relieve tanto accidentado, gracias a la Sierra del Montsant, las monta\u00f1as de Prades que la rodean, la sierra de la Argentera, de en Jover y Llaberia.<\/p>\n<p>La sierra de Montsant se sit\u00faa en la zona norte del Priorat, una comarca vin\u00edcola y bien situada, entre vi\u00f1edos y olivos, forma parte de la cordillera Prelitoral y ocupa una extensi\u00f3n de unos 135 km2.<\/p>\n<p>Gracias a su orograf\u00eda, marcada por las paredes verticales de piedra caliza, es una monta\u00f1a f\u00e1cil de recordar y a la vez, es un im\u00e1n para los excursionistas que quieren descubrir nuevos parajes y aventuras.<\/p>\n<p>Esta zona no s\u00f3lo es impactante por su terreno monta\u00f1oso, sino que tambi\u00e9n tiene una riqueza en cuanto a flora y fauna que lo hace un espacio realmente \u00fanico. Cuenta con una serie de endemismos de las monta\u00f1as del sur de Catalu\u00f1a que tienen un gran valor cient\u00edfico y por este motivo se han creado propuestas para la protecci\u00f3n de este espacio natural.<\/p>\n<p>[\/et_pb_text][\/et_pb_column][et_pb_column type=\u00bb1_2&#8243; custom_padding__hover=\u00bb|||\u00bb custom_padding=\u00bb|||\u00bb][et_pb_image src=\u00bbhttps:\/\/montsant360.cat\/wp-content\/uploads\/2019\/06\/web6.jpg\u00bb _builder_version=\u00bb3.24&#8243; align_last_edited=\u00bbon|desktop\u00bb align_tablet=\u00bbcenter\u00bb box_shadow_horizontal_tablet=\u00bb0px\u00bb box_shadow_vertical_tablet=\u00bb0px\u00bb box_shadow_blur_tablet=\u00bb40px\u00bb box_shadow_spread_tablet=\u00bb0px\u00bb z_index_tablet=\u00bb500&#8243; \/][et_pb_image src=\u00bbhttps:\/\/montsant360.cat\/wp-content\/uploads\/2019\/06\/360-web-5.jpg\u00bb _builder_version=\u00bb3.24&#8243; align_last_edited=\u00bbon|desktop\u00bb align_tablet=\u00bbcenter\u00bb box_shadow_horizontal_tablet=\u00bb0px\u00bb box_shadow_vertical_tablet=\u00bb0px\u00bb box_shadow_blur_tablet=\u00bb40px\u00bb box_shadow_spread_tablet=\u00bb0px\u00bb z_index_tablet=\u00bb500&#8243; \/][\/et_pb_column][\/et_pb_row][\/et_pb_section]<\/p>\n<span class=\"et_bloom_bottom_trigger\"><\/span>","protected":false},"excerpt":{"rendered":"<p>Las comarcas del sur de Catalu\u00f1a; el Baix Pened\u00e8s, Tarragon\u00e8s, Baix Camp, Conca de Barber\u00e0, Priorat y del Alt Camp, forman una demarcaci\u00f3n con una gran belleza paisaj\u00edstica. Un territorio que consta tanto de costa mediterr\u00e1nea como algunos picos importantes. Esta zona es conocida como Costa Dorada y han sido tierras influenciadas por la presencia [&hellip;]<\/p>\n","protected":false},"author":4,"featured_media":0,"parent":0,"menu_order":0,"comment_status":"closed","ping_status":"closed","template":"","meta":{"_et_pb_use_builder":"on","_et_pb_old_content":"<p style=\"text-align: justify;\"><img class=\"alignnone wp-image-320 size-full\" src=\"https:\/\/montsant360.cat\/wp-content\/uploads\/2015\/12\/ruta_refugis_4.jpg\" alt=\"ruta_refugis_4\" width=\"1024\" height=\"553\" \/><\/p><p style=\"text-align: justify;\"><span style=\"color: #000000;\">En uno de los territorios m\u00e1s bonitos y puros de Catalu\u00f1a, comprendido entre el Parque Natural de la Serra de Montsant y las Monta\u00f1as de Prades, encontramos <em><strong>La Ruta de los Refugios<\/strong><\/em>, un itinerario ineludible para todos los amantes de la aventura, la naturaleza, la historia y las vistas; caminos que serpentean entre bosques y entre antiqu\u00edsimos campos de olivos y vi\u00f1edos tan profundamente arraigados en remoto mineral.<\/span><\/p><p style=\"text-align: justify;\"><span style=\"color: #000000;\">Nos encontramos muy cerca de la incomparable Costa Dorada, marco emblem\u00e1tico del Mediterr\u00e1neo donde disfrutamos del clima suave y benigno que ya sedujo al Imperio romano. Es una destinaci\u00f3n rica en patrimonio cultural, hist\u00f3rico y natural con una gran oferta en ocio y actividades en el aire libre, entre paisajes de grande belleza. Cultura, historia, naturaleza\u2026 y gastronom\u00eda, como v\u00e9rtice de una tierra rica y llena de vida.<\/span><\/p><p style=\"text-align: justify;\"><span style=\"color: #000000;\">Desde la capital de la comarca del Baix Camp percibimos y accedimos al Parque Natural de las Monta\u00f1as de Prades, llenas de sorprendentes lugares que nos transmiten tranquilidad y armon\u00eda. Es un macizo que se alza majestuoso entre la Conca de Barber\u00e0 y el Priorat.\u00a0<\/span><\/p><p style=\"text-align: justify;\"><span style=\"color: #000000;\">Adentr\u00e1ndonos hacia el interior del territorio catal\u00e1n, encontramos el <strong>Priorat<\/strong>, comarca formada por veintitr\u00e9s municipios, con la capital en Falset. Se sit\u00faa en el l\u00edmite noreste de la sierra Prelitoral de la cual en forma parte la Sierra de Prades que se abre en direcci\u00f3n a la sierra de Llaber\u00eda, separando la comarca.<\/span><\/p><p style=\"text-align: justify;\"><span style=\"color: #000000;\">Es aqu\u00ed donde destacan las dos denominaciones de origen de vino que dan el renombre al territorio: la DOCa Priorat y la DO Montsant.\u00a0<\/span><\/p><p style=\"text-align: justify;\"><span style=\"color: #000000;\">El Parque Natural del\u00a0<strong>Montsant<\/strong>, es una sierra de gran simbolismo en las comarcas tarraconenses. Su impactante orografia, amurallada por los pe\u00f1ascos y roquedales de conglomerados oligocenos, muestra la huella de la actividad humana ligada a un importante patrimonio natural, que apliega una elevada diversidad biol\u00f3gica. Es un lugar ideal para actividades de naturaleza, senderismo, fotograf\u00eda, etc.<\/span><\/p><p style=\"text-align: justify;\"><span style=\"color: #000000;\">Todos los pueblos que hay esparcidos por el territorio son interesantes ya que esconden historias y leyendas. La Ruta de los Refugios descubre los lugares m\u00e1s bonitos de los pueblos; bajo los pies del macizo, Cornudella de Montsant, Albarca comarca adentro, entre la solana y la umbr\u00eda de la monta\u00f1a, de origen musulm\u00e1n, Siurana, donde destaca el \u00e1bside rom\u00e1nico de su iglesia. La Mussara, tambi\u00e9n de origen \u00e1rabe, actualmente despoblado y que se encuentra en el coraz\u00f3n de las Monta\u00f1as de Prades. La impresionante vista destapa el sur del Campo de Tarragona, con vistas en el Mar Mediterr\u00e1neo o Mont-ral, situado en la comarca del Alt Camp, y que lo encontramos en el extremo occidental de la comarca, en la vertiente oriental de estas monta\u00f1as.<\/span><\/p><p>\u00a0<\/p>","_et_gb_content_width":"","footnotes":""},"class_list":["post-135","page","type-page","status-publish","hentry"],"_links":{"self":[{"href":"https:\/\/montsant360.cat\/es\/wp-json\/wp\/v2\/pages\/135","targetHints":{"allow":["GET"]}}],"collection":[{"href":"https:\/\/montsant360.cat\/es\/wp-json\/wp\/v2\/pages"}],"about":[{"href":"https:\/\/montsant360.cat\/es\/wp-json\/wp\/v2\/types\/page"}],"author":[{"embeddable":true,"href":"https:\/\/montsant360.cat\/es\/wp-json\/wp\/v2\/users\/4"}],"replies":[{"embeddable":true,"href":"https:\/\/montsant360.cat\/es\/wp-json\/wp\/v2\/comments?post=135"}],"version-history":[{"count":0,"href":"https:\/\/montsant360.cat\/es\/wp-json\/wp\/v2\/pages\/135\/revisions"}],"wp:attachment":[{"href":"https:\/\/montsant360.cat\/es\/wp-json\/wp\/v2\/media?parent=135"}],"curies":[{"name":"wp","href":"https:\/\/api.w.org\/{rel}","templated":true}]}}