{"id":248,"date":"2016-07-07T11:45:13","date_gmt":"2016-07-07T09:45:13","guid":{"rendered":"https:\/\/montsant360.cat\/?page_id=248"},"modified":"2019-10-17T18:42:38","modified_gmt":"2019-10-17T16:42:38","slug":"montsant360-es","status":"publish","type":"page","link":"https:\/\/montsant360.cat\/es\/montsant360-es\/","title":{"rendered":"MONTSANT360\u00ba"},"content":{"rendered":"<p>[et_pb_section bb_built=\u00bb1&#8243; fullwidth=\u00bbon\u00bb _builder_version=\u00bb3.0.72&#8243; inner_width=\u00bbauto\u00bb inner_max_width=\u00bb1080px\u00bb next_background_color=\u00bbrgba(255,255,255,0)\u00bb][et_pb_fullwidth_image _builder_version=\u00bb3.24&#8243; src=\u00bbhttps:\/\/montsant360.cat\/wp-content\/uploads\/2019\/06\/portada-360-2-1.jpg\u00bb box_shadow_horizontal_tablet=\u00bb0px\u00bb box_shadow_vertical_tablet=\u00bb0px\u00bb box_shadow_blur_tablet=\u00bb40px\u00bb box_shadow_spread_tablet=\u00bb0px\u00bb z_index_tablet=\u00bb500&#8243; \/][\/et_pb_section][et_pb_section bb_built=\u00bb1&#8243; transparent_background=\u00bbon\u00bb custom_padding=\u00bb0px|0px|54px|0px\u00bb _builder_version=\u00bb3.0.72&#8243; background_color=\u00bbrgba(255,255,255,0)\u00bb inner_width=\u00bbauto\u00bb inner_max_width=\u00bb1080px\u00bb prev_background_color=\u00bb#ffffff\u00bb][et_pb_row make_fullwidth=\u00bbon\u00bb use_custom_gutter=\u00bbon\u00bb gutter_width=\u00bb4&#8243; _builder_version=\u00bb3.0.72&#8243; background_size=\u00bbinitial\u00bb background_position=\u00bbtop_left\u00bb background_repeat=\u00bbrepeat\u00bb module_class=\u00bb et_pb_row_fullwidth et_pb_row_fullwidth et_pb_row_fullwidth et_pb_row_fullwidth et_pb_row_fullwidth\u00bb width=\u00bb86%\u00bb width_tablet=\u00bb80%\u00bb width_last_edited=\u00bbon|desktop\u00bb max_width=\u00bb86%\u00bb max_width_tablet=\u00bb80%\u00bb max_width_last_edited=\u00bbon|desktop\u00bb][et_pb_column type=\u00bb1_2&#8243; custom_padding__hover=\u00bb|||\u00bb custom_padding=\u00bb|||\u00bb][et_pb_text _builder_version=\u00bb3.25.3&#8243; module_alignment=\u00bbleft\u00bb text_text_shadow_horizontal_length=\u00bbtext_text_shadow_style,%91object Object%93&#8243; text_text_shadow_horizontal_length_tablet=\u00bb0px\u00bb text_text_shadow_vertical_length=\u00bbtext_text_shadow_style,%91object Object%93&#8243; text_text_shadow_vertical_length_tablet=\u00bb0px\u00bb text_text_shadow_blur_strength=\u00bbtext_text_shadow_style,%91object Object%93&#8243; text_text_shadow_blur_strength_tablet=\u00bb1px\u00bb link_text_shadow_horizontal_length=\u00bblink_text_shadow_style,%91object Object%93&#8243; link_text_shadow_horizontal_length_tablet=\u00bb0px\u00bb link_text_shadow_vertical_length=\u00bblink_text_shadow_style,%91object Object%93&#8243; link_text_shadow_vertical_length_tablet=\u00bb0px\u00bb link_text_shadow_blur_strength=\u00bblink_text_shadow_style,%91object Object%93&#8243; link_text_shadow_blur_strength_tablet=\u00bb1px\u00bb ul_text_shadow_horizontal_length=\u00bbul_text_shadow_style,%91object Object%93&#8243; ul_text_shadow_horizontal_length_tablet=\u00bb0px\u00bb ul_text_shadow_vertical_length=\u00bbul_text_shadow_style,%91object Object%93&#8243; ul_text_shadow_vertical_length_tablet=\u00bb0px\u00bb ul_text_shadow_blur_strength=\u00bbul_text_shadow_style,%91object Object%93&#8243; ul_text_shadow_blur_strength_tablet=\u00bb1px\u00bb ol_text_shadow_horizontal_length=\u00bbol_text_shadow_style,%91object Object%93&#8243; ol_text_shadow_horizontal_length_tablet=\u00bb0px\u00bb ol_text_shadow_vertical_length=\u00bbol_text_shadow_style,%91object Object%93&#8243; ol_text_shadow_vertical_length_tablet=\u00bb0px\u00bb ol_text_shadow_blur_strength=\u00bbol_text_shadow_style,%91object Object%93&#8243; ol_text_shadow_blur_strength_tablet=\u00bb1px\u00bb quote_text_shadow_horizontal_length=\u00bbquote_text_shadow_style,%91object Object%93&#8243; quote_text_shadow_horizontal_length_tablet=\u00bb0px\u00bb quote_text_shadow_vertical_length=\u00bbquote_text_shadow_style,%91object Object%93&#8243; quote_text_shadow_vertical_length_tablet=\u00bb0px\u00bb quote_text_shadow_blur_strength=\u00bbquote_text_shadow_style,%91object Object%93&#8243; quote_text_shadow_blur_strength_tablet=\u00bb1px\u00bb header_text_shadow_horizontal_length=\u00bbheader_text_shadow_style,%91object Object%93&#8243; header_text_shadow_horizontal_length_tablet=\u00bb0px\u00bb header_text_shadow_vertical_length=\u00bbheader_text_shadow_style,%91object Object%93&#8243; header_text_shadow_vertical_length_tablet=\u00bb0px\u00bb header_text_shadow_blur_strength=\u00bbheader_text_shadow_style,%91object Object%93&#8243; header_text_shadow_blur_strength_tablet=\u00bb1px\u00bb header_2_text_shadow_horizontal_length=\u00bbheader_2_text_shadow_style,%91object Object%93&#8243; header_2_text_shadow_horizontal_length_tablet=\u00bb0px\u00bb header_2_text_shadow_vertical_length=\u00bbheader_2_text_shadow_style,%91object Object%93&#8243; header_2_text_shadow_vertical_length_tablet=\u00bb0px\u00bb header_2_text_shadow_blur_strength=\u00bbheader_2_text_shadow_style,%91object Object%93&#8243; header_2_text_shadow_blur_strength_tablet=\u00bb1px\u00bb header_3_text_shadow_horizontal_length=\u00bbheader_3_text_shadow_style,%91object Object%93&#8243; header_3_text_shadow_horizontal_length_tablet=\u00bb0px\u00bb header_3_text_shadow_vertical_length=\u00bbheader_3_text_shadow_style,%91object Object%93&#8243; header_3_text_shadow_vertical_length_tablet=\u00bb0px\u00bb header_3_text_shadow_blur_strength=\u00bbheader_3_text_shadow_style,%91object Object%93&#8243; header_3_text_shadow_blur_strength_tablet=\u00bb1px\u00bb header_4_text_shadow_horizontal_length=\u00bbheader_4_text_shadow_style,%91object Object%93&#8243; header_4_text_shadow_horizontal_length_tablet=\u00bb0px\u00bb header_4_text_shadow_vertical_length=\u00bbheader_4_text_shadow_style,%91object Object%93&#8243; header_4_text_shadow_vertical_length_tablet=\u00bb0px\u00bb header_4_text_shadow_blur_strength=\u00bbheader_4_text_shadow_style,%91object Object%93&#8243; header_4_text_shadow_blur_strength_tablet=\u00bb1px\u00bb header_5_text_shadow_horizontal_length=\u00bbheader_5_text_shadow_style,%91object Object%93&#8243; header_5_text_shadow_horizontal_length_tablet=\u00bb0px\u00bb header_5_text_shadow_vertical_length=\u00bbheader_5_text_shadow_style,%91object Object%93&#8243; header_5_text_shadow_vertical_length_tablet=\u00bb0px\u00bb header_5_text_shadow_blur_strength=\u00bbheader_5_text_shadow_style,%91object Object%93&#8243; header_5_text_shadow_blur_strength_tablet=\u00bb1px\u00bb header_6_text_shadow_horizontal_length=\u00bbheader_6_text_shadow_style,%91object Object%93&#8243; header_6_text_shadow_horizontal_length_tablet=\u00bb0px\u00bb header_6_text_shadow_vertical_length=\u00bbheader_6_text_shadow_style,%91object Object%93&#8243; header_6_text_shadow_vertical_length_tablet=\u00bb0px\u00bb header_6_text_shadow_blur_strength=\u00bbheader_6_text_shadow_style,%91object Object%93&#8243; header_6_text_shadow_blur_strength_tablet=\u00bb1px\u00bb box_shadow_horizontal_tablet=\u00bb0px\u00bb box_shadow_vertical_tablet=\u00bb0px\u00bb box_shadow_blur_tablet=\u00bb40px\u00bb box_shadow_spread_tablet=\u00bb0px\u00bb z_index_tablet=\u00bb500&#8243; text_text_color=\u00bb#000000&#8243;]<\/p>\n<p><strong>Montsant 360\u00ba<\/strong> es una ruta que recorre todo el Parque Natural de Montsant pasando por los t\u00e9rminos municipales que forman parte: Cornudella de Montsant, La Morera de Montsant, Scala, La Vilella Alta, La Vilella Baixa, La Figuera, Cabac\u00e9s, La Bisbal de Falset , Margalef y Ulldemolins.<\/p>\n<p>El Montsant es conocido por la sierva tradici\u00f3n erem\u00edtica, por ello, a lo largo del itinerario, ser\u00e1 redirigido por todas las ermitas que se encuentran: La Piedad, San Roque, La Hoya, San Salvador, San Bartolom\u00e9 de Fraguerau, San Antonio , Santa Magdalena, Virgen de Montsant y San Juan del Codolar.<\/p>\n<p>Aparte de pasar por todos los puntos habitados de la sierra, tambi\u00e9n subir\u00e9is al punto m\u00e1s alto del Montsant, la Roca Corbatera. Esta cumbre, situado a 1163m sobre el nivel del mar, es el punto m\u00e1s alto del parque natural de la Sierra de Montsant. Se encuentra en la parte este, sobre los riscos de Cornudella de Montsant y es el lugar id\u00edlico para disfrutar de las vistas de todo el territorio que caracteriza la comarca; los acantilados de Siurana; zona de escaladores, Cornudella de Montsant, Albarca e incluso el desaparecido pueblo de Gallicant, y si el d\u00eda es claro y soleado, tambi\u00e9n se pueden observar los Pirineos y la isla de Mallorca.<\/p>\n<p>Si le gusta caminar, disfrutar de la naturaleza, emocionaros con los paisajes, esta es la ruta.<\/p>\n<p>Y para los m\u00e1s valientes, tendr\u00e1 la posibilidad de hacerla non-stop!<\/p>\n<p>[\/et_pb_text][\/et_pb_column][et_pb_column type=\u00bb1_2&#8243; custom_padding__hover=\u00bb|||\u00bb custom_padding=\u00bb|||\u00bb][et_pb_image src=\u00bbhttps:\/\/montsant360.cat\/wp-content\/uploads\/2019\/06\/360-web2.jpg\u00bb _builder_version=\u00bb3.24&#8243; align_last_edited=\u00bbon|desktop\u00bb align_tablet=\u00bbcenter\u00bb box_shadow_horizontal_tablet=\u00bb0px\u00bb box_shadow_vertical_tablet=\u00bb0px\u00bb box_shadow_blur_tablet=\u00bb40px\u00bb box_shadow_spread_tablet=\u00bb0px\u00bb z_index_tablet=\u00bb500&#8243; \/][et_pb_image src=\u00bbhttps:\/\/montsant360.cat\/wp-content\/uploads\/2019\/06\/360-web-3.jpg\u00bb _builder_version=\u00bb3.24&#8243; align_last_edited=\u00bbon|desktop\u00bb align_tablet=\u00bbcenter\u00bb box_shadow_horizontal_tablet=\u00bb0px\u00bb box_shadow_vertical_tablet=\u00bb0px\u00bb box_shadow_blur_tablet=\u00bb40px\u00bb box_shadow_spread_tablet=\u00bb0px\u00bb z_index_tablet=\u00bb500&#8243; \/][\/et_pb_column][\/et_pb_row][\/et_pb_section]<\/p>\n<span class=\"et_bloom_bottom_trigger\"><\/span>","protected":false},"excerpt":{"rendered":"<p>Montsant 360\u00ba es una ruta que recorre todo el Parque Natural de Montsant pasando por los t\u00e9rminos municipales que forman parte: Cornudella de Montsant, La Morera de Montsant, Scala, La Vilella Alta, La Vilella Baixa, La Figuera, Cabac\u00e9s, La Bisbal de Falset , Margalef y Ulldemolins.El Montsant es conocido por la sierva tradici\u00f3n erem\u00edtica, por [&hellip;]<\/p>\n","protected":false},"author":4,"featured_media":0,"parent":0,"menu_order":0,"comment_status":"closed","ping_status":"closed","template":"","meta":{"_et_pb_use_builder":"on","_et_pb_old_content":"<p style=\"text-align: justify;\"><a href=\"https:\/\/montsant360.cat\/wp-content\/uploads\/2016\/07\/ruta_refugis_1.jpg\"><img class=\"alignnone size-full wp-image-314\" src=\"https:\/\/montsant360.cat\/wp-content\/uploads\/2016\/07\/ruta_refugis_1.jpg\" alt=\"ruta_refugis_1\" width=\"1024\" height=\"350\" \/><\/a><\/p><p style=\"text-align: justify;\"><span style=\"color: #000000;\"><strong><em>La Ruta dels Refugis<\/em><\/strong>\u00a0es una ruta que recorre las monta\u00f1as m\u00e1s emblem\u00e1ticas de la Costa Dorada, uniendo el Parque Natural de la Serra de Montsant (Priorat) con las Monta\u00f1as de Prades (Baix Camp), llenas de sorprendentes lugares que nos transmiten tranquilidad y harmon\u00eda.<\/span><\/p><p style=\"text-align: justify;\"><span style=\"color: #000000;\">El recorrido, genera un seguido de emociones que hacen que cada tramo sea \u00fanico y espectacular. Con un total de\u00a0<strong style=\"font-style: inherit;\">90 km<\/strong>, se divide en\u00a0<strong style=\"font-style: inherit;\">cuatro etapas<\/strong>\u00a0para poder hacer la ruta lo m\u00e1s c\u00f3moda posible. Cabe la posibilidad de realizarla seguida, entre 3 o 4 d\u00edas, aunque se puede adaptar seg\u00fan la forma f\u00edsica del deportista<\/span><\/p><p style=\"text-align: justify;\"><span style=\"color: #000000;\">Os invitamos a descubrir los caminos hist\u00f3ricos que vertebran nuestras tierras. Los refugios de Cornudella de Montsant, de la Mussara, de Mont-ral y el de Prades Park, nos ofrecen la tranquilidad y el descanso necesario para afrontar un nuevo d\u00eda de ruta, cargados de energ\u00eda y motivaci\u00f3n.<\/span><\/p><p style=\"text-align: justify;\"><span style=\"color: #000000;\">Los paisajes son de una belleza insoslayable. Caminando por los senderos pasaremos por un seguido de espacios emblem\u00e1ticos de nuestro territorio; desde el camino de los\u00a0<em style=\"font-weight: inherit;\">Cartoixans <\/em><em>que tanto recorr\u00edan<\/em>, Siurana a lo alto de los acantilados, los Gorgs del r\u00edo Siurana, el pueblo despoblado de la Mussara, el camino de las\u00a0<em style=\"font-weight: inherit;\">Tosques<\/em>, el refrescante nido del\u00a0<em style=\"font-weight: inherit;\">\u00c0liga<\/em>, el\u00a0<em style=\"font-weight: inherit;\">Tossal de la Baltasana<\/em>, Albarca, ermitas, entre otros.<\/span><\/p><p style=\"text-align: justify;\"><span style=\"color: #000000;\">Sus caminos serpenteantes nos llevar\u00e1n a descubrir los peque\u00f1os pueblos y rincones escondidos repartidos por estas monta\u00f1as cargadas de aventuras.\u00a0<\/span><\/p><p style=\"text-align: justify;\"><span style=\"color: #000000;\">Si os gusta caminar, disfrutar de la naturaleza, emocionaros con los paisajes, \u00e9sta es vuestra ruta.<\/span><\/p><p style=\"text-align: justify;\"><span style=\"color: #000000;\">Y para los m\u00e1s valientes, tendr\u00e9is la posibilitad de hacerla non-stop!<\/span><\/p><p style=\"text-align: justify;\"><img class=\"alignnone size-full wp-image-315\" src=\"https:\/\/montsant360.cat\/wp-content\/uploads\/2016\/07\/ruta_refugis_3.jpg\" alt=\"ruta_refugis_3\" width=\"1024\" height=\"425\" \/><\/p>","_et_gb_content_width":"","footnotes":""},"class_list":["post-248","page","type-page","status-publish","hentry"],"_links":{"self":[{"href":"https:\/\/montsant360.cat\/es\/wp-json\/wp\/v2\/pages\/248","targetHints":{"allow":["GET"]}}],"collection":[{"href":"https:\/\/montsant360.cat\/es\/wp-json\/wp\/v2\/pages"}],"about":[{"href":"https:\/\/montsant360.cat\/es\/wp-json\/wp\/v2\/types\/page"}],"author":[{"embeddable":true,"href":"https:\/\/montsant360.cat\/es\/wp-json\/wp\/v2\/users\/4"}],"replies":[{"embeddable":true,"href":"https:\/\/montsant360.cat\/es\/wp-json\/wp\/v2\/comments?post=248"}],"version-history":[{"count":0,"href":"https:\/\/montsant360.cat\/es\/wp-json\/wp\/v2\/pages\/248\/revisions"}],"wp:attachment":[{"href":"https:\/\/montsant360.cat\/es\/wp-json\/wp\/v2\/media?parent=248"}],"curies":[{"name":"wp","href":"https:\/\/api.w.org\/{rel}","templated":true}]}}