{"id":586,"date":"2017-09-10T11:46:24","date_gmt":"2017-09-10T09:46:24","guid":{"rendered":"https:\/\/montsant360.cat\/?page_id=586"},"modified":"2017-09-19T10:04:29","modified_gmt":"2017-09-19T08:04:29","slug":"aviso-legal","status":"publish","type":"page","link":"https:\/\/montsant360.cat\/es\/aviso-legal\/","title":{"rendered":"Aviso Legal"},"content":{"rendered":"<h3><span style=\"color: #000000;\"><strong>DATOS IDENTIFICATIVOS<\/strong><\/span><\/h3>\n<p><span style=\"color: #000000;\">En cumplimiento con el deber de informaci\u00f3n recogido en el art\u00edculo 10 de la Ley 34\/2002, de 11 de julio, de Servicios de la Sociedad de la Informaci\u00f3n y del Comercio Electr\u00f3nico, a continuaci\u00f3n se reflejan los siguientes datos: la empresa titular de dominio web es Montsant Natura SL, con domicilio a estos efectos en la calle Mayor, 37, 43360, Cornudella de Montsant y con n\u00famero de CIF: B43702554.\u00a0Correo electr\u00f3nico de contacto del sitio web: info@montsant360.cat<\/span><\/p>\n<h3><span style=\"color: #000000;\"><strong>USUARIOS<\/strong><\/span><\/h3>\n<p><span style=\"color: #000000;\">El acceso y \/ o uso de este portal de La Ruta dels Refugis atribuye la condici\u00f3n de USUARIO, que acepta, desde dicho acceso y \/ o uso, las Condiciones Generales de Uso aqu\u00ed reflejadas.\u00a0Las citadas Condiciones ser\u00e1n de aplicaci\u00f3n independientemente de las Condiciones Generales de Contrataci\u00f3n que en su caso resulten de obligado cumplimiento.<\/span><\/p>\n<h3><span style=\"color: #000000;\"><strong>USO DEL PORTAL<\/strong><\/span><\/h3>\n<p><span style=\"color: #000000;\">www.montsant360.cat proporciona el acceso a multitud de informaciones, servicios, programas o datos (en adelante, \u00ablos contenidos\u00bb) en Internet pertenecientes a\u00a0\u00a0La Ruta dels Refugis o a sus licenciantes a los que el usuario pueda tener acceso.\u00a0El usuario asume la responsabilidad del uso del portal.\u00a0Esta responsabilidad se extiende al registro que fuese necesario para acceder a determinados servicios o contenidos.<\/span><\/p>\n<p><span style=\"color: #000000;\">En dicho registro el USUARIO ser\u00e1 responsable de aportar informaci\u00f3n veraz y l\u00edcita.\u00a0Como consecuencia de este registro, al USUARIO se le puede proporcionar una contrase\u00f1a de la que ser\u00e1 responsable, comprometi\u00e9ndose a hacer un uso diligente y confidencial de la misma.\u00a0El usuario se compromete a hacer un uso adecuado de los contenidos y servicios (como por ejemplo servicios de chat, foros de discusi\u00f3n o grupos de noticias) que La Ruta dels Refugis ofrece a trav\u00e9s de su portal y con car\u00e1cter enunciativo pero no limitativo, a no emplearse para (I) incurrir en actividades il\u00edcitas, ilegales o contrarias a la buena fe y al orden p\u00fablico;\u00a0(II) difundir contenidos o propaganda de car\u00e1cter racista, xen\u00f3fobo, pornogr\u00e1fico-ilegal, de apolog\u00eda del terrorismo o atentatorio contra los derechos humanos;\u00a0(III) provocar da\u00f1os en los sistemas f\u00edsicos y l\u00f3gicos de La Ruta dels Refugis, de sus proveedores o de terceras personas, introducir o difundir en la red virus inform\u00e1ticos o cualesquiera otros sistemas f\u00edsicos o l\u00f3gicos que sean susceptibles de provocar los da\u00f1os anteriormente mencionados;\u00a0(IV) intentar acceder y, en su caso, utilizar las cuentas de correo electr\u00f3nico de otros usuarios y modificar o manipular sus mensajes.\u00a0La Ruta dels Refugis se reserva el derecho de retirar todos aquellos comentarios y aportaciones que vulneren el respeto a la dignidad de la persona, que sean discriminatorios, xen\u00f3fobos, racistas, pornogr\u00e1ficos, que atenten contra la juventud o la infancia, el orden o la seguridad p\u00fablica o que, a su juicio, no resultaran adecuados para su publicaci\u00f3n.\u00a0En cualquier caso, La Ruta dels Refugis no ser\u00e1 responsable de las opiniones publicadas\u00a0\u00a0\u00a0por los usuarios a trav\u00e9s de los foros, chats, u otras herramientas de participaci\u00f3n.<\/span><\/p>\n<h3><span style=\"color: #000000;\"><strong>PROTECCI\u00d3N DE DATOS<\/strong><\/span><\/h3>\n<p><span style=\"color: #000000;\">La Ruta dels Refugis cumple con las directrices de la Ley Org\u00e1nica 15\/1999 de 13 de diciembre de Protecci\u00f3n de Datos de Car\u00e1cter Personal, el Real Decreto 1720\/2007 de 21 de diciembre, por el que se aprueba el Reglamento de desarrollo de la Ley Org\u00e1nica y\u00a0otras normativas vigentes en todo\u00a0\u00a0\u00a0momento, y vela por garantizar un correcto uso y tratamiento de los datos personales del usuario.\u00a0Por ello, en\u00a0\u00a0\u00a0cada formulario de recogida de datos de car\u00e1cter personal\u00a0\u00a0\u00a0y en los servicios que el usuario pueda solicitar a info@montsant360.cat, ponemos en conocimiento\u00a0\u00a0\u00a0al usuario de la existencia y aceptaci\u00f3n de las condiciones particulares del tratamiento de sus datos en cada caso, informando de la responsabilidad del fichero creado, la direcci\u00f3n del responsable, la posibilidad de ejercer sus derechos de acceso, rectificaci\u00f3n , cancelaci\u00f3n u oposici\u00f3n, la finalidad del tratamiento y las comunicaciones de datos a terceros en su caso.<\/span><\/p>\n<p><span style=\"color: #000000;\">Asimismo, La Ruta dels Refugis informa que da cumplimiento a la Ley 34\/2002 de 11 de julio, de Servicios de la Sociedad de la Informaci\u00f3n y el Comercio Electr\u00f3nico y le solicitar\u00e1 su consentimiento al tratamiento de su correo electr\u00f3nico con fines comerciales en cada momento.<\/span><\/p>\n<h3><span style=\"color: #000000;\"><strong>Propiedad intelectual e industrial<\/strong><\/span><\/h3>\n<p><span style=\"color: #000000;\">La Ruta dels Refugis por s\u00ed o como cesionaria, es titular de todos los derechos de propiedad intelectual e industrial de su p\u00e1gina web, as\u00ed como de los elementos contenidos en la misma (a t\u00edtulo enunciativo, im\u00e1genes, sonido, audio, v\u00eddeo , software o textos; marcas o logotipos, combinaciones de colores, estructura y dise\u00f1o, selecci\u00f3n de materiales usados, programas de ordenador necesarios para su funcionamiento, acceso y uso, etc.), titularidad de La Ruta dels Refugis o bien de sus licenciantes.<\/span><\/p>\n<p><span style=\"color: #000000;\">Todos los derechos reservados.\u00a0En virtud de lo dispuesto en los art\u00edculos 8 y 32.1, p\u00e1rrafo segundo de la Ley de Propiedad Intelectual, quedan expresamente prohibidas la reproducci\u00f3n, la distribuci\u00f3n y la comunicaci\u00f3n p\u00fablica, incluida su modalidad de puesta a disposici\u00f3n, de la totalidad o parte de los contenidos de esta p\u00e1gina web, con fines comerciales, en cualquier soporte y por cualquier medio t\u00e9cnico, sin la autorizaci\u00f3n de La Ruta dels Refugis.\u00a0El usuario se compromete a respetar los derechos de Propiedad Intelectual e Industrial titularidad de La Ruta dels Refugis.Podr\u00e1 visualizar los elementos del portal e incluso imprimirlos, copiarlos y almacenarlos en el disco duro de su ordenador o en cualquier otro soporte f\u00edsico siempre y cuando sea, \u00fanica y exclusivamente, para su uso personal y privado.\u00a0El usuario deber\u00e1 abstenerse de suprimir, alterar, eludir o manipular cualquier dispositivo de protecci\u00f3n o sistema de seguridad que estuviera instalado en las p\u00e1ginas de La Ruta dels Refugis.<\/span><\/p>\n<h3><span style=\"color: #000000;\"><strong>EXCLUSI\u00d3N DE GARANT\u00cdAS Y RESPONSABILIDAD<\/strong><\/span><\/h3>\n<p><span style=\"color: #000000;\">La Ruta dels Refugis no se hace responsable, en ning\u00fan caso, de los da\u00f1os y perjuicios de cualquier naturaleza que pudieran ocasionar, a t\u00edtulo enunciativo: errores u omisiones en los contenidos, falta de disponibilidad del portal o la transmisi\u00f3n de virus o programas maliciosos o lesivos en los contenidos, a pesar de haber adoptado todas las medidas tecnol\u00f3gicas necesarias para evitarlo.<\/span><\/p>\n<h3><span style=\"color: #000000;\"><strong>MODIFICACIONES<\/strong><\/span><\/h3>\n<p><span style=\"color: #000000;\">La Ruta dels Refugis se reserva el derecho de efectuar sin previo aviso las modificaciones que considere oportunas en su portal, pudiendo cambiar, suprimir o a\u00f1adir tanto los contenidos y servicios que se presten a trav\u00e9s de la misma como la forma en que \u00e9stos aparezcan presentados o localizados en su portal.<\/span><\/p>\n<h3><span style=\"color: #000000;\"><strong>ENLACES<\/strong><\/span><\/h3>\n<p><span style=\"color: #000000;\">En caso de que en www.montsant360.cat se dispusiera de enlaces o hiperv\u00ednculos hac\u00eda otros sitios de Internet, La Ruta dels Refugis no ejercer\u00e1 ning\u00fan tipo de control sobre dichos sitios y contenidos.\u00a0En ning\u00fan caso La Ruta dels Refugis asumir\u00e1 responsabilidad alguna por los contenidos de alg\u00fan enlace perteneciente a un sitio web ajeno, ni garantizar\u00e1 la disponibilidad t\u00e9cnica, calidad, fiabilidad, exactitud, amplitud, veracidad, validez y constitucionalidad de cualquier material o informaci\u00f3n contenida en ninguno de dichos hiperv\u00ednculos u otros sitios de Internet.<\/span><\/p>\n<p><span style=\"color: #000000;\">Igualmente, la inclusi\u00f3n de estas conexiones externas no implicar\u00e1 ning\u00fan tipo de asociaci\u00f3n, fusi\u00f3n o participaci\u00f3n con las entidades conectadas.<\/span><\/p>\n<h3><span style=\"color: #000000;\"><strong>DERECHO DE EXCLUSI\u00d3N<\/strong><\/span><\/h3>\n<p><span style=\"color: #000000;\">La Ruta dels Refugis se reserva el derecho a denegar o retirar el acceso a portal y \/ o los servicios ofrecidos sin necesidad de preaviso, a instancia propia o de un tercero, a aquellos usuarios que incumplan las presentes Condiciones Generales de Uso.<\/span><\/p>\n<h3><span style=\"color: #000000;\"><strong>GENERALIDADES<\/strong><\/span><\/h3>\n<p><span style=\"color: #000000;\">La Ruta dels Refugis perseguir\u00e1 el incumplimiento de las presentes condiciones, as\u00ed como cualquier utilizaci\u00f3n indebida de su portal ejerciendo todas las acciones civiles y penales que le puedan corresponder en derecho.<\/span><\/p>\n<h3><span style=\"color: #000000;\"><strong>MODIFICACI\u00d3N DE LAS PRESENTES CONDICIONES Y DURACI\u00d3N<\/strong><\/span><\/h3>\n<p><span style=\"color: #000000;\">La Ruta dels Refugis podr\u00e1 modificar en cualquier momento las condiciones aqu\u00ed determinadas, siendo debidamente publicadas como aqu\u00ed aparecen.<\/span><\/p>\n<p><span style=\"color: #000000;\">La vigencia de las citadas condiciones ir\u00e1 en funci\u00f3n de su exposici\u00f3n y estar\u00e1n vigentes hasta debidamente publicadas.\u00a0que sean modificadas por otras.<\/span><\/p>\n<h3><span style=\"color: #000000;\"><strong>LEGISLACI\u00d3N APLICABLE Y JURISDICCI\u00d3N<\/strong><\/span><\/h3>\n<p><span style=\"color: #000000;\">La relaci\u00f3n entre la La Ruta dels Refugis y el USUARIO se regir\u00e1 por la normativa espa\u00f1ola vigente y cualquier controversia se someter\u00e1 a los Juzgados y tribunales de la ciudad de Tarragona.<\/span><\/p>\n<p>&nbsp;<\/p>\n<span class=\"et_bloom_bottom_trigger\"><\/span>","protected":false},"excerpt":{"rendered":"<p>DATOS IDENTIFICATIVOS En cumplimiento con el deber de informaci\u00f3n recogido en el art\u00edculo 10 de la Ley 34\/2002, de 11 de julio, de Servicios de la Sociedad de la Informaci\u00f3n y del Comercio Electr\u00f3nico, a continuaci\u00f3n se reflejan los siguientes datos: la empresa titular de dominio web es Montsant Natura SL, con domicilio a estos [&hellip;]<\/p>\n","protected":false},"author":4,"featured_media":0,"parent":0,"menu_order":0,"comment_status":"closed","ping_status":"closed","template":"","meta":{"_et_pb_use_builder":"","_et_pb_old_content":"","_et_gb_content_width":"","footnotes":""},"class_list":["post-586","page","type-page","status-publish","hentry"],"_links":{"self":[{"href":"https:\/\/montsant360.cat\/es\/wp-json\/wp\/v2\/pages\/586","targetHints":{"allow":["GET"]}}],"collection":[{"href":"https:\/\/montsant360.cat\/es\/wp-json\/wp\/v2\/pages"}],"about":[{"href":"https:\/\/montsant360.cat\/es\/wp-json\/wp\/v2\/types\/page"}],"author":[{"embeddable":true,"href":"https:\/\/montsant360.cat\/es\/wp-json\/wp\/v2\/users\/4"}],"replies":[{"embeddable":true,"href":"https:\/\/montsant360.cat\/es\/wp-json\/wp\/v2\/comments?post=586"}],"version-history":[{"count":0,"href":"https:\/\/montsant360.cat\/es\/wp-json\/wp\/v2\/pages\/586\/revisions"}],"wp:attachment":[{"href":"https:\/\/montsant360.cat\/es\/wp-json\/wp\/v2\/media?parent=586"}],"curies":[{"name":"wp","href":"https:\/\/api.w.org\/{rel}","templated":true}]}}